{"id":634,"date":"2025-01-18T11:57:37","date_gmt":"2025-01-18T11:57:37","guid":{"rendered":"https:\/\/homedeluxespain.com\/privat-politik\/"},"modified":"2025-02-04T16:29:41","modified_gmt":"2025-02-04T16:29:41","slug":"privat-politik","status":"publish","type":"page","link":"https:\/\/homedeluxespain.com\/da\/privat-politik\/","title":{"rendered":"Privatlivs Politik"},"content":{"rendered":"\t\t<div data-elementor-type=\"wp-page\" data-elementor-id=\"634\" class=\"elementor elementor-634 elementor-48\" data-elementor-settings=\"{&quot;element_pack_global_tooltip_width&quot;:{&quot;unit&quot;:&quot;px&quot;,&quot;size&quot;:&quot;&quot;,&quot;sizes&quot;:[]},&quot;element_pack_global_tooltip_width_tablet&quot;:{&quot;unit&quot;:&quot;px&quot;,&quot;size&quot;:&quot;&quot;,&quot;sizes&quot;:[]},&quot;element_pack_global_tooltip_width_mobile&quot;:{&quot;unit&quot;:&quot;px&quot;,&quot;size&quot;:&quot;&quot;,&quot;sizes&quot;:[]},&quot;element_pack_global_tooltip_padding&quot;:{&quot;unit&quot;:&quot;px&quot;,&quot;top&quot;:&quot;&quot;,&quot;right&quot;:&quot;&quot;,&quot;bottom&quot;:&quot;&quot;,&quot;left&quot;:&quot;&quot;,&quot;isLinked&quot;:true},&quot;element_pack_global_tooltip_padding_tablet&quot;:{&quot;unit&quot;:&quot;px&quot;,&quot;top&quot;:&quot;&quot;,&quot;right&quot;:&quot;&quot;,&quot;bottom&quot;:&quot;&quot;,&quot;left&quot;:&quot;&quot;,&quot;isLinked&quot;:true},&quot;element_pack_global_tooltip_padding_mobile&quot;:{&quot;unit&quot;:&quot;px&quot;,&quot;top&quot;:&quot;&quot;,&quot;right&quot;:&quot;&quot;,&quot;bottom&quot;:&quot;&quot;,&quot;left&quot;:&quot;&quot;,&quot;isLinked&quot;:true},&quot;element_pack_global_tooltip_border_radius&quot;:{&quot;unit&quot;:&quot;px&quot;,&quot;top&quot;:&quot;&quot;,&quot;right&quot;:&quot;&quot;,&quot;bottom&quot;:&quot;&quot;,&quot;left&quot;:&quot;&quot;,&quot;isLinked&quot;:true},&quot;element_pack_global_tooltip_border_radius_tablet&quot;:{&quot;unit&quot;:&quot;px&quot;,&quot;top&quot;:&quot;&quot;,&quot;right&quot;:&quot;&quot;,&quot;bottom&quot;:&quot;&quot;,&quot;left&quot;:&quot;&quot;,&quot;isLinked&quot;:true},&quot;element_pack_global_tooltip_border_radius_mobile&quot;:{&quot;unit&quot;:&quot;px&quot;,&quot;top&quot;:&quot;&quot;,&quot;right&quot;:&quot;&quot;,&quot;bottom&quot;:&quot;&quot;,&quot;left&quot;:&quot;&quot;,&quot;isLinked&quot;:true}}\" data-elementor-post-type=\"page\">\n\t\t\t\t\t\t<section class=\"elementor-section elementor-top-section elementor-element elementor-element-b870767 elementor-section-height-min-height elementor-section-boxed elementor-section-height-default elementor-section-items-middle\" data-id=\"b870767\" data-element_type=\"section\" data-settings=\"{&quot;background_background&quot;:&quot;classic&quot;}\">\n\t\t\t\t\t\t\t<div class=\"elementor-background-overlay\"><\/div>\n\t\t\t\t\t\t\t<div class=\"elementor-container elementor-column-gap-default\">\n\t\t\t\t\t<div class=\"elementor-column elementor-col-100 elementor-top-column elementor-element elementor-element-a6461c2\" data-id=\"a6461c2\" data-element_type=\"column\">\n\t\t\t<div class=\"elementor-widget-wrap\">\n\t\t\t\t\t\t\t<\/div>\n\t\t<\/div>\n\t\t\t\t\t<\/div>\n\t\t<\/section>\n\t\t\t\t<section class=\"elementor-section elementor-top-section elementor-element elementor-element-d1c97c1 elementor-section-boxed elementor-section-height-default elementor-section-height-default\" data-id=\"d1c97c1\" data-element_type=\"section\" data-settings=\"{&quot;background_background&quot;:&quot;classic&quot;}\">\n\t\t\t\t\t\t<div class=\"elementor-container elementor-column-gap-no\">\n\t\t\t\t\t<div class=\"elementor-column elementor-col-100 elementor-top-column elementor-element elementor-element-c0053ea\" data-id=\"c0053ea\" data-element_type=\"column\">\n\t\t\t<div class=\"elementor-widget-wrap elementor-element-populated\">\n\t\t\t\t\t\t<section class=\"elementor-section elementor-inner-section elementor-element elementor-element-e48f1d9 elementor-section-boxed elementor-section-height-default elementor-section-height-default\" data-id=\"e48f1d9\" data-element_type=\"section\">\n\t\t\t\t\t\t<div class=\"elementor-container elementor-column-gap-no\">\n\t\t\t\t\t<div class=\"elementor-column elementor-col-100 elementor-inner-column elementor-element elementor-element-48c6e28\" data-id=\"48c6e28\" data-element_type=\"column\">\n\t\t\t<div class=\"elementor-widget-wrap elementor-element-populated\">\n\t\t\t\t\t\t<div class=\"elementor-element elementor-element-29cb3d9 elementor-widget elementor-widget-heading\" data-id=\"29cb3d9\" data-element_type=\"widget\" data-widget_type=\"heading.default\">\n\t\t\t\t<div class=\"elementor-widget-container\">\n\t\t\t\t\t<h1 class=\"elementor-heading-title elementor-size-default\">Privatlivs Politik<\/h1>\t\t\t\t<\/div>\n\t\t\t\t<\/div>\n\t\t\t\t<div class=\"elementor-element elementor-element-2319a42 elementor-widget elementor-widget-heading\" data-id=\"2319a42\" data-element_type=\"widget\" data-widget_type=\"heading.default\">\n\t\t\t\t<div class=\"elementor-widget-container\">\n\t\t\t\t\t<span class=\"elementor-heading-title elementor-size-default\">Vores Privatlivs Politik<\/span>\t\t\t\t<\/div>\n\t\t\t\t<\/div>\n\t\t\t\t<div class=\"elementor-element elementor-element-a5659c4 elementor-widget elementor-widget-text-editor\" data-id=\"a5659c4\" data-element_type=\"widget\" data-widget_type=\"text-editor.default\">\n\t\t\t\t<div class=\"elementor-widget-container\">\n\t\t\t\t\t\t\t\t\t<p><strong>Privatlivs Politik for Home Deluxe Spain<\/strong><\/p>\n<p><strong>1. Indledning<\/strong> <br \/>Hos Home Deluxe Spain tager vi din databeskyttelse alvorligt. Denne privatlivspolitik forklarer, hvordan vi indsamler, bruger, beskytter og behandler dine personlige oplysninger, n\u00e5r du bruger vores hjemmeside, <a href=\"http:\/\/homedeluxespain.com\">http:\/\/homedeluxespain.com<\/a>. <\/p>\n<p><strong>2. Dataansvarlig<\/strong> <br \/>Home Deluxe Spain er dataansvarlig for behandlingen af dine personlige oplysninger. Hvis du har sp\u00f8rgsm\u00e5l til denne politik, kan du kontakte os via vores hjemmeside. <\/p>\n<p><strong>3. Hvilke oplysninger indsamler vi?<\/strong><br \/>Vi indsamler og behandler f\u00f8lgende typer af oplysninger:<\/p>\n<ul>\n<li>&#8211; Navn, e-mailadresse og telefonnummer (ved kontaktformularer og foresp\u00f8rgsler)<\/li>\n<li>&#8211; IP-adresse og enhedsoplysninger (ved bes\u00f8g p\u00e5 hjemmesiden)<\/li>\n<li>&#8211; Oplysninger om dine boligpr\u00e6ferencer og interesser<\/li>\n<li>&#8211; Eventuelle oplysninger, du frivilligt giver os i forbindelse med foresp\u00f8rgsler eller k\u00f8b<\/li>\n<\/ul>\n<p><strong><br \/>4. Hvordan bruger vi dine oplysninger?<\/strong><br \/>Vi bruger dine oplysninger til f\u00f8lgende form\u00e5l:<\/p>\n<ul>\n<li>&#8211; At besvare dine foresp\u00f8rgsler og give dig relevant information<\/li>\n<li>&#8211; At forbedre vores service og brugeroplevelse p\u00e5 hjemmesiden<\/li>\n<li>&#8211; At sende dig relevante boligtilbud (hvis du har givet samtykke hertil)<\/li>\n<li>&#8211; At analysere trafik og m\u00f8nstre p\u00e5 hjemmesiden via cookies<\/li>\n<\/ul>\n<p>. Deling af <br \/><strong>5. Deling af oplysninger<\/strong> <br \/>Vi deler kun dine oplysninger med tredjeparter, n\u00e5r det er n\u00f8dvendigt for at levere vores tjenester. Dette kan omfatte: <\/p>\n<ul>\n<li>&#8211; Ejendomsm\u00e6glere og samarbejdspartnere i forbindelse med boligk\u00f8b<\/li>\n<li>&#8211; Teknologipartnere, der hj\u00e6lper os med at drifte hjemmesiden<\/li>\n<li>&#8211; Offentlige myndigheder, hvis det kr\u00e6ves ved lov<\/li>\n<\/ul>\n<p>Vi s\u00e6lger eller deler aldrig dine oplysninger til markedsf\u00f8ringsform\u00e5l uden dit udtrykkelige samtykke.<\/p>\n<p><strong>6. Opbevaring af oplysninger <\/strong><br \/>Vi opbevarer dine oplysninger s\u00e5 l\u00e6nge, det er n\u00f8dvendigt for de form\u00e5l, de blev indsamlet til. Personlige data slettes, n\u00e5r de ikke l\u00e6ngere er relevante. <\/p>\n<p><strong>7. Dine rettigheder <\/strong><br \/>Du har ret til:<\/p>\n<ul>\n<li>&#8211; Indsigt i de oplysninger, vi har om dig<\/li>\n<li>&#8211; At f\u00e5 dine oplysninger rettet eller slettet<\/li>\n<li>&#8211; At begr\u00e6nse eller mods\u00e6tte dig behandlingen af dine data<\/li>\n<li>&#8211; At tr\u00e6kke dit samtykke tilbage til markedsf\u00f8ring<\/li>\n<li>&#8211; At klage til en databeskyttelsesmyndighed, hvis du mener, vi behandler dine oplysninger i strid med lovgivningen<\/li>\n<\/ul>\n<p><strong>8. Cookies og sporing <\/strong><br \/>Vi bruger cookies til at forbedre din brugeroplevelse og analysere trafik p\u00e5 hjemmesiden. Du kan til enhver tid justere dine cookieindstillinger i din browser. <\/p>\n<p><strong>9. Sikkerhed<\/strong> <br \/>Vi beskytter dine oplysninger med passende tekniske og organisatoriske foranstaltninger for at forhindre uautoriseret adgang, tab eller misbrug.<\/p>\n<p><strong>10. Opdateringer af denne privatlivspolitik <\/strong><br \/>Vi kan opdatere denne politik l\u00f8bende. Den seneste version vil altid v\u00e6re tilg\u00e6ngelig p\u00e5 vores hjemmeside. <\/p>\n<p>Hvis du har sp\u00f8rgsm\u00e5l til vores privatlivspolitik, er du velkommen til at kontakte os via vores hjemmeside.<\/p>\n\t\t\t\t\t\t\t\t<\/div>\n\t\t\t\t<\/div>\n\t\t\t\t\t<\/div>\n\t\t<\/div>\n\t\t\t\t\t<\/div>\n\t\t<\/section>\n\t\t\t\t\t<\/div>\n\t\t<\/div>\n\t\t\t\t\t<\/div>\n\t\t<\/section>\n\t\t\t\t<\/div>\n\t\t","protected":false},"excerpt":{"rendered":"<p>Privatlivs Politik Vores Privatlivs Politik Privatlivs Politik for Home Deluxe Spain 1. Indledning Hos Home Deluxe Spain tager vi din databeskyttelse alvorligt. Denne privatlivspolitik forklarer, hvordan vi indsamler, bruger, beskytter og behandler dine personlige oplysninger, n\u00e5r du bruger vores hjemmeside, http:\/\/homedeluxespain.com. 2. Dataansvarlig Home Deluxe Spain er dataansvarlig for behandlingen af dine personlige oplysninger. Hvis [&hellip;]<\/p>\n","protected":false},"author":1,"featured_media":0,"parent":0,"menu_order":0,"comment_status":"closed","ping_status":"closed","template":"elementor_header_footer","meta":{"footnotes":""},"class_list":["post-634","page","type-page","status-publish","hentry"],"_links":{"self":[{"href":"https:\/\/homedeluxespain.com\/da\/wp-json\/wp\/v2\/pages\/634","targetHints":{"allow":["GET"]}}],"collection":[{"href":"https:\/\/homedeluxespain.com\/da\/wp-json\/wp\/v2\/pages"}],"about":[{"href":"https:\/\/homedeluxespain.com\/da\/wp-json\/wp\/v2\/types\/page"}],"author":[{"embeddable":true,"href":"https:\/\/homedeluxespain.com\/da\/wp-json\/wp\/v2\/users\/1"}],"replies":[{"embeddable":true,"href":"https:\/\/homedeluxespain.com\/da\/wp-json\/wp\/v2\/comments?post=634"}],"version-history":[{"count":3,"href":"https:\/\/homedeluxespain.com\/da\/wp-json\/wp\/v2\/pages\/634\/revisions"}],"predecessor-version":[{"id":1153,"href":"https:\/\/homedeluxespain.com\/da\/wp-json\/wp\/v2\/pages\/634\/revisions\/1153"}],"wp:attachment":[{"href":"https:\/\/homedeluxespain.com\/da\/wp-json\/wp\/v2\/media?parent=634"}],"curies":[{"name":"wp","href":"https:\/\/api.w.org\/{rel}","templated":true}]}}