{"id":622,"date":"2025-01-18T11:22:15","date_gmt":"2025-01-18T11:22:15","guid":{"rendered":"https:\/\/homedeluxespain.com\/omraader\/"},"modified":"2025-02-04T15:43:48","modified_gmt":"2025-02-04T15:43:48","slug":"omraader","status":"publish","type":"page","link":"https:\/\/homedeluxespain.com\/da\/omraader\/","title":{"rendered":"Omr\u00e5der"},"content":{"rendered":"\t\t<div data-elementor-type=\"wp-page\" data-elementor-id=\"622\" class=\"elementor elementor-622 elementor-620\" data-elementor-settings=\"{&quot;element_pack_global_tooltip_width&quot;:{&quot;unit&quot;:&quot;px&quot;,&quot;size&quot;:&quot;&quot;,&quot;sizes&quot;:[]},&quot;element_pack_global_tooltip_width_tablet&quot;:{&quot;unit&quot;:&quot;px&quot;,&quot;size&quot;:&quot;&quot;,&quot;sizes&quot;:[]},&quot;element_pack_global_tooltip_width_mobile&quot;:{&quot;unit&quot;:&quot;px&quot;,&quot;size&quot;:&quot;&quot;,&quot;sizes&quot;:[]},&quot;element_pack_global_tooltip_padding&quot;:{&quot;unit&quot;:&quot;px&quot;,&quot;top&quot;:&quot;&quot;,&quot;right&quot;:&quot;&quot;,&quot;bottom&quot;:&quot;&quot;,&quot;left&quot;:&quot;&quot;,&quot;isLinked&quot;:true},&quot;element_pack_global_tooltip_padding_tablet&quot;:{&quot;unit&quot;:&quot;px&quot;,&quot;top&quot;:&quot;&quot;,&quot;right&quot;:&quot;&quot;,&quot;bottom&quot;:&quot;&quot;,&quot;left&quot;:&quot;&quot;,&quot;isLinked&quot;:true},&quot;element_pack_global_tooltip_padding_mobile&quot;:{&quot;unit&quot;:&quot;px&quot;,&quot;top&quot;:&quot;&quot;,&quot;right&quot;:&quot;&quot;,&quot;bottom&quot;:&quot;&quot;,&quot;left&quot;:&quot;&quot;,&quot;isLinked&quot;:true},&quot;element_pack_global_tooltip_border_radius&quot;:{&quot;unit&quot;:&quot;px&quot;,&quot;top&quot;:&quot;&quot;,&quot;right&quot;:&quot;&quot;,&quot;bottom&quot;:&quot;&quot;,&quot;left&quot;:&quot;&quot;,&quot;isLinked&quot;:true},&quot;element_pack_global_tooltip_border_radius_tablet&quot;:{&quot;unit&quot;:&quot;px&quot;,&quot;top&quot;:&quot;&quot;,&quot;right&quot;:&quot;&quot;,&quot;bottom&quot;:&quot;&quot;,&quot;left&quot;:&quot;&quot;,&quot;isLinked&quot;:true},&quot;element_pack_global_tooltip_border_radius_mobile&quot;:{&quot;unit&quot;:&quot;px&quot;,&quot;top&quot;:&quot;&quot;,&quot;right&quot;:&quot;&quot;,&quot;bottom&quot;:&quot;&quot;,&quot;left&quot;:&quot;&quot;,&quot;isLinked&quot;:true}}\" data-elementor-post-type=\"page\">\n\t\t\t\t\t\t<section class=\"elementor-section elementor-top-section elementor-element elementor-element-61c19da6 elementor-section-height-min-height elementor-section-boxed elementor-section-height-default elementor-section-items-middle\" data-id=\"61c19da6\" data-element_type=\"section\" data-settings=\"{&quot;background_background&quot;:&quot;classic&quot;}\">\n\t\t\t\t\t\t\t<div class=\"elementor-background-overlay\"><\/div>\n\t\t\t\t\t\t\t<div class=\"elementor-container elementor-column-gap-default\">\n\t\t\t\t\t<div class=\"elementor-column elementor-col-100 elementor-top-column elementor-element elementor-element-22ede593\" data-id=\"22ede593\" data-element_type=\"column\">\n\t\t\t<div class=\"elementor-widget-wrap\">\n\t\t\t\t\t\t\t<\/div>\n\t\t<\/div>\n\t\t\t\t\t<\/div>\n\t\t<\/section>\n\t\t\t\t<section class=\"elementor-section elementor-top-section elementor-element elementor-element-23c6ff24 elementor-section-boxed elementor-section-height-default elementor-section-height-default\" data-id=\"23c6ff24\" data-element_type=\"section\" data-settings=\"{&quot;background_background&quot;:&quot;classic&quot;}\">\n\t\t\t\t\t\t<div class=\"elementor-container elementor-column-gap-no\">\n\t\t\t\t\t<div class=\"elementor-column elementor-col-100 elementor-top-column elementor-element elementor-element-67ceec6b\" data-id=\"67ceec6b\" data-element_type=\"column\">\n\t\t\t<div class=\"elementor-widget-wrap elementor-element-populated\">\n\t\t\t\t\t\t<section class=\"elementor-section elementor-inner-section elementor-element elementor-element-1d0ff6a5 elementor-section-boxed elementor-section-height-default elementor-section-height-default\" data-id=\"1d0ff6a5\" data-element_type=\"section\">\n\t\t\t\t\t\t<div class=\"elementor-container elementor-column-gap-no\">\n\t\t\t\t\t<div class=\"elementor-column elementor-col-100 elementor-inner-column elementor-element elementor-element-2c209842\" data-id=\"2c209842\" data-element_type=\"column\">\n\t\t\t<div class=\"elementor-widget-wrap elementor-element-populated\">\n\t\t\t\t\t\t<div class=\"elementor-element elementor-element-5ff6be6 elementor-widget elementor-widget-heading\" data-id=\"5ff6be6\" data-element_type=\"widget\" data-widget_type=\"heading.default\">\n\t\t\t\t<div class=\"elementor-widget-container\">\n\t\t\t\t\t<h1 class=\"elementor-heading-title elementor-size-default\">Omr\u00e5der<\/h1>\t\t\t\t<\/div>\n\t\t\t\t<\/div>\n\t\t\t\t<div class=\"elementor-element elementor-element-5ed63328 elementor-widget elementor-widget-heading\" data-id=\"5ed63328\" data-element_type=\"widget\" data-widget_type=\"heading.default\">\n\t\t\t\t<div class=\"elementor-widget-container\">\n\t\t\t\t\t<span class=\"elementor-heading-title elementor-size-default\">Costa Blanca og Costa Calida<\/span>\t\t\t\t<\/div>\n\t\t\t\t<\/div>\n\t\t\t\t<div class=\"elementor-element elementor-element-670fa1ed elementor-widget elementor-widget-text-editor\" data-id=\"670fa1ed\" data-element_type=\"widget\" data-widget_type=\"text-editor.default\">\n\t\t\t\t<div class=\"elementor-widget-container\">\n\t\t\t\t\t\t\t\t\t<p><strong>Costa Blanca \u2013 Den hvide kyst<\/strong><br \/><strong>Costa Blanca<\/strong> er kendt for sine fantastiske <strong>sandstrande, krystalklare vand<\/strong> og livlige atmosf\u00e6re. Regionen byder p\u00e5 et behageligt middelhavsklima \u00e5ret rundt, hvilket g\u00f8r det til et popul\u00e6rt valg for b\u00e5de ferieg\u00e6ster og dem, der \u00f8nsker at sl\u00e5 sig permanent ned.<br \/>Omr\u00e5det str\u00e6kker sig fra Denia i nord til Pilar de la Horadada i syd og byder p\u00e5 en mangfoldighed af charmerende kystbyer, pulserende markeder og kulturhistoriske perler. Fra de traditionelle fiskerbyer til moderne feriekomplekser \u2013 <strong>Costa Blanca<\/strong> har noget for enhver smag.  <\/p>\n<p><strong>Costa Calida \u2013 Den varme kyst<br \/><\/strong><br \/><strong>Costa Calida<\/strong>, beliggende i <strong>Murcia-regionen<\/strong>, er kendt for sine varme temperaturer og rolige omgivelser. Med over 250 km kystlinje byder omr\u00e5det p\u00e5 fantastiske strande og det unikke saltvandshav <strong>Mar Menor<\/strong>, der er popul\u00e6rt for sine helbredende egenskaber.<br \/>Denne region er perfekt for dem, der s\u00f8ger en fredelig og autentisk <strong>spansk<\/strong> oplevelse, samtidig med at der er nem adgang til moderne faciliteter og attraktioner. <\/p>\n<p><strong>Torrevieja \u2013 Hjertet af vores fokus<\/strong><br \/><strong>Torrevieja<\/strong> ligger centralt p\u00e5 <strong>Costa Blanca<\/strong> og er en af de mest eftertragtede byer for boligk\u00f8bere. Byen kombinerer det bedste af begge verdener: smukke strande, et pulserende byliv og en afslappet atmosf\u00e6re. <br \/><strong>Torrevieja<\/strong> er is\u00e6r kendt for sine to unikke salts\u00f8er, som bidrager til byens s\u00e6rlige mikroklima og giver sundhedsm\u00e6ssige fordele. Byen byder p\u00e5 et v\u00e6ld af restauranter, butikker og kulturelle aktiviteter, som g\u00f8r den attraktiv for b\u00e5de indbyggere og turister.<\/p>\n<p><strong>Din guide til det perfekte omr\u00e5de<\/strong><br \/>Hos <strong>Home Deluxe Spain<\/strong> hj\u00e6lper vi dig med at finde det omr\u00e5de, der passer bedst til dine behov og \u00f8nsker. Uanset om du er p\u00e5 udkig efter en fredelig feriebolig eller en central bolig med alt lige uden for d\u00f8ren, er vi klar til at guide dig gennem de forskellige muligheder.<br \/>Kontakt os for at finde ud af mere om, hvad <strong>Costa Blanca, Costa Calida<\/strong> og <strong>Torrevieja<\/strong> i s\u00e6rdeleshed har at byde p\u00e5.<\/p>\n\t\t\t\t\t\t\t\t<\/div>\n\t\t\t\t<\/div>\n\t\t\t\t\t<\/div>\n\t\t<\/div>\n\t\t\t\t\t<\/div>\n\t\t<\/section>\n\t\t\t\t\t<\/div>\n\t\t<\/div>\n\t\t\t\t\t<\/div>\n\t\t<\/section>\n\t\t\t\t<\/div>\n\t\t","protected":false},"excerpt":{"rendered":"<p>Omr\u00e5der Costa Blanca og Costa Calida Costa Blanca \u2013 Den hvide kystCosta Blanca er kendt for sine fantastiske sandstrande, krystalklare vand og livlige atmosf\u00e6re. Regionen byder p\u00e5 et behageligt middelhavsklima \u00e5ret rundt, hvilket g\u00f8r det til et popul\u00e6rt valg for b\u00e5de ferieg\u00e6ster og dem, der \u00f8nsker at sl\u00e5 sig permanent ned.Omr\u00e5det str\u00e6kker sig fra Denia [&hellip;]<\/p>\n","protected":false},"author":1,"featured_media":0,"parent":0,"menu_order":0,"comment_status":"closed","ping_status":"closed","template":"elementor_header_footer","meta":{"footnotes":""},"class_list":["post-622","page","type-page","status-publish","hentry"],"_links":{"self":[{"href":"https:\/\/homedeluxespain.com\/da\/wp-json\/wp\/v2\/pages\/622","targetHints":{"allow":["GET"]}}],"collection":[{"href":"https:\/\/homedeluxespain.com\/da\/wp-json\/wp\/v2\/pages"}],"about":[{"href":"https:\/\/homedeluxespain.com\/da\/wp-json\/wp\/v2\/types\/page"}],"author":[{"embeddable":true,"href":"https:\/\/homedeluxespain.com\/da\/wp-json\/wp\/v2\/users\/1"}],"replies":[{"embeddable":true,"href":"https:\/\/homedeluxespain.com\/da\/wp-json\/wp\/v2\/comments?post=622"}],"version-history":[{"count":8,"href":"https:\/\/homedeluxespain.com\/da\/wp-json\/wp\/v2\/pages\/622\/revisions"}],"predecessor-version":[{"id":1140,"href":"https:\/\/homedeluxespain.com\/da\/wp-json\/wp\/v2\/pages\/622\/revisions\/1140"}],"wp:attachment":[{"href":"https:\/\/homedeluxespain.com\/da\/wp-json\/wp\/v2\/media?parent=622"}],"curies":[{"name":"wp","href":"https:\/\/api.w.org\/{rel}","templated":true}]}}