{"id":616,"date":"2025-01-18T11:20:54","date_gmt":"2025-01-18T11:20:54","guid":{"rendered":"https:\/\/homedeluxespain.com\/bloq-artikler\/"},"modified":"2025-02-04T15:46:07","modified_gmt":"2025-02-04T15:46:07","slug":"bloq-artikler","status":"publish","type":"page","link":"https:\/\/homedeluxespain.com\/da\/bloq-artikler\/","title":{"rendered":"Blog\/Artikler"},"content":{"rendered":"\t\t<div data-elementor-type=\"wp-page\" data-elementor-id=\"616\" class=\"elementor elementor-616 elementor-43\" data-elementor-settings=\"{&quot;element_pack_global_tooltip_width&quot;:{&quot;unit&quot;:&quot;px&quot;,&quot;size&quot;:&quot;&quot;,&quot;sizes&quot;:[]},&quot;element_pack_global_tooltip_width_tablet&quot;:{&quot;unit&quot;:&quot;px&quot;,&quot;size&quot;:&quot;&quot;,&quot;sizes&quot;:[]},&quot;element_pack_global_tooltip_width_mobile&quot;:{&quot;unit&quot;:&quot;px&quot;,&quot;size&quot;:&quot;&quot;,&quot;sizes&quot;:[]},&quot;element_pack_global_tooltip_padding&quot;:{&quot;unit&quot;:&quot;px&quot;,&quot;top&quot;:&quot;&quot;,&quot;right&quot;:&quot;&quot;,&quot;bottom&quot;:&quot;&quot;,&quot;left&quot;:&quot;&quot;,&quot;isLinked&quot;:true},&quot;element_pack_global_tooltip_padding_tablet&quot;:{&quot;unit&quot;:&quot;px&quot;,&quot;top&quot;:&quot;&quot;,&quot;right&quot;:&quot;&quot;,&quot;bottom&quot;:&quot;&quot;,&quot;left&quot;:&quot;&quot;,&quot;isLinked&quot;:true},&quot;element_pack_global_tooltip_padding_mobile&quot;:{&quot;unit&quot;:&quot;px&quot;,&quot;top&quot;:&quot;&quot;,&quot;right&quot;:&quot;&quot;,&quot;bottom&quot;:&quot;&quot;,&quot;left&quot;:&quot;&quot;,&quot;isLinked&quot;:true},&quot;element_pack_global_tooltip_border_radius&quot;:{&quot;unit&quot;:&quot;px&quot;,&quot;top&quot;:&quot;&quot;,&quot;right&quot;:&quot;&quot;,&quot;bottom&quot;:&quot;&quot;,&quot;left&quot;:&quot;&quot;,&quot;isLinked&quot;:true},&quot;element_pack_global_tooltip_border_radius_tablet&quot;:{&quot;unit&quot;:&quot;px&quot;,&quot;top&quot;:&quot;&quot;,&quot;right&quot;:&quot;&quot;,&quot;bottom&quot;:&quot;&quot;,&quot;left&quot;:&quot;&quot;,&quot;isLinked&quot;:true},&quot;element_pack_global_tooltip_border_radius_mobile&quot;:{&quot;unit&quot;:&quot;px&quot;,&quot;top&quot;:&quot;&quot;,&quot;right&quot;:&quot;&quot;,&quot;bottom&quot;:&quot;&quot;,&quot;left&quot;:&quot;&quot;,&quot;isLinked&quot;:true}}\" data-elementor-post-type=\"page\">\n\t\t\t\t\t\t<section class=\"elementor-section elementor-top-section elementor-element elementor-element-bf5811b elementor-section-height-min-height elementor-section-boxed elementor-section-height-default elementor-section-items-middle\" data-id=\"bf5811b\" data-element_type=\"section\" data-settings=\"{&quot;background_background&quot;:&quot;classic&quot;}\">\n\t\t\t\t\t\t\t<div class=\"elementor-background-overlay\"><\/div>\n\t\t\t\t\t\t\t<div class=\"elementor-container elementor-column-gap-default\">\n\t\t\t\t\t<div class=\"elementor-column elementor-col-100 elementor-top-column elementor-element elementor-element-a36f1a4\" data-id=\"a36f1a4\" data-element_type=\"column\">\n\t\t\t<div class=\"elementor-widget-wrap\">\n\t\t\t\t\t\t\t<\/div>\n\t\t<\/div>\n\t\t\t\t\t<\/div>\n\t\t<\/section>\n\t\t\t\t<section class=\"elementor-section elementor-top-section elementor-element elementor-element-3c25845 elementor-section-boxed elementor-section-height-default elementor-section-height-default\" data-id=\"3c25845\" data-element_type=\"section\" data-settings=\"{&quot;background_background&quot;:&quot;classic&quot;}\">\n\t\t\t\t\t\t<div class=\"elementor-container elementor-column-gap-no\">\n\t\t\t\t\t<div class=\"elementor-column elementor-col-100 elementor-top-column elementor-element elementor-element-3264174\" data-id=\"3264174\" data-element_type=\"column\">\n\t\t\t<div class=\"elementor-widget-wrap elementor-element-populated\">\n\t\t\t\t\t\t<section class=\"elementor-section elementor-inner-section elementor-element elementor-element-2eccf22 elementor-section-boxed elementor-section-height-default elementor-section-height-default\" data-id=\"2eccf22\" data-element_type=\"section\">\n\t\t\t\t\t\t<div class=\"elementor-container elementor-column-gap-no\">\n\t\t\t\t\t<div class=\"elementor-column elementor-col-100 elementor-inner-column elementor-element elementor-element-a2d221f\" data-id=\"a2d221f\" data-element_type=\"column\">\n\t\t\t<div class=\"elementor-widget-wrap elementor-element-populated\">\n\t\t\t\t\t\t<div class=\"elementor-element elementor-element-a6da5d0 elementor-widget elementor-widget-heading\" data-id=\"a6da5d0\" data-element_type=\"widget\" data-widget_type=\"heading.default\">\n\t\t\t\t<div class=\"elementor-widget-container\">\n\t\t\t\t\t<h1 class=\"elementor-heading-title elementor-size-default\">Nyheder om fast ejendom<\/h1>\t\t\t\t<\/div>\n\t\t\t\t<\/div>\n\t\t\t\t<div class=\"elementor-element elementor-element-0551f56 elementor-widget elementor-widget-heading\" data-id=\"0551f56\" data-element_type=\"widget\" data-widget_type=\"heading.default\">\n\t\t\t\t<div class=\"elementor-widget-container\">\n\t\t\t\t\t<span class=\"elementor-heading-title elementor-size-default\">Gennemse vores arkiv med ejendomsnyheder<\/span>\t\t\t\t<\/div>\n\t\t\t\t<\/div>\n\t\t\t\t<div class=\"elementor-element elementor-element-e1d661d elementor-grid-4 elementor-posts--align-left elementor-posts__hover-none bdt-backdrop-filter-yes elementor-grid-tablet-2 elementor-grid-mobile-1 elementor-posts--thumbnail-top elementor-widget elementor-widget-posts\" data-id=\"e1d661d\" data-element_type=\"widget\" data-settings=\"{&quot;cards_columns&quot;:&quot;4&quot;,&quot;cards_row_gap&quot;:{&quot;unit&quot;:&quot;px&quot;,&quot;size&quot;:10,&quot;sizes&quot;:[]},&quot;cards_columns_tablet&quot;:&quot;2&quot;,&quot;cards_columns_mobile&quot;:&quot;1&quot;,&quot;cards_row_gap_tablet&quot;:{&quot;unit&quot;:&quot;px&quot;,&quot;size&quot;:&quot;&quot;,&quot;sizes&quot;:[]},&quot;cards_row_gap_mobile&quot;:{&quot;unit&quot;:&quot;px&quot;,&quot;size&quot;:&quot;&quot;,&quot;sizes&quot;:[]}}\" data-widget_type=\"posts.cards\">\n\t\t\t\t<div class=\"elementor-widget-container\">\n\t\t\t\t\t\t\t<div class=\"elementor-posts-container elementor-posts elementor-posts--skin-cards elementor-grid\">\n\t\t\t\t<article class=\"elementor-post elementor-grid-item post-1138 post type-post status-publish format-standard has-post-thumbnail hentry category-uncategorized-da\">\n\t\t\t<div class=\"elementor-post__card\">\n\t\t\t\t<a class=\"elementor-post__thumbnail__link\" href=\"https:\/\/homedeluxespain.com\/da\/2025\/02\/04\/registreret-ejendomsmaegler-i-valencia\/\" tabindex=\"-1\" ><div class=\"elementor-post__thumbnail\"><img fetchpriority=\"high\" decoding=\"async\" width=\"300\" height=\"200\" src=\"https:\/\/homedeluxespain.com\/wp-content\/uploads\/2020\/09\/Comunidad-Mimosa-Villa-Zorzal-15-2021-300x200.jpg\" class=\"attachment-medium size-medium wp-image-570\" alt=\"\" srcset=\"https:\/\/homedeluxespain.com\/wp-content\/uploads\/2020\/09\/Comunidad-Mimosa-Villa-Zorzal-15-2021-300x200.jpg 300w, https:\/\/homedeluxespain.com\/wp-content\/uploads\/2020\/09\/Comunidad-Mimosa-Villa-Zorzal-15-2021-1024x683.jpg 1024w, https:\/\/homedeluxespain.com\/wp-content\/uploads\/2020\/09\/Comunidad-Mimosa-Villa-Zorzal-15-2021-768x512.jpg 768w, https:\/\/homedeluxespain.com\/wp-content\/uploads\/2020\/09\/Comunidad-Mimosa-Villa-Zorzal-15-2021.jpg 1200w\" sizes=\"(max-width: 300px) 100vw, 300px\" \/><\/div><\/a>\n\t\t\t\t<div class=\"elementor-post__text\">\n\t\t\t\t<h4 class=\"elementor-post__title\">\n\t\t\t<a href=\"https:\/\/homedeluxespain.com\/da\/2025\/02\/04\/registreret-ejendomsmaegler-i-valencia\/\" >\n\t\t\t\tRegistreret ejendomsm\u00e6gler i Valencia\t\t\t<\/a>\n\t\t<\/h4>\n\t\t\t\t<div class=\"elementor-post__excerpt\">\n\t\t\t<p>Hvad kr\u00e6ves der for at v\u00e6re registreret ejendomsm\u00e6gler i Valencia-regionen? Indledning:Ejendomshandel i Spanien er et reguleret erhverv, og kravene til ejendomsm\u00e6glere kan variere fra region<\/p>\n\t\t<\/div>\n\t\t\n\t\t<a class=\"elementor-post__read-more\" href=\"https:\/\/homedeluxespain.com\/da\/2025\/02\/04\/registreret-ejendomsmaegler-i-valencia\/\" aria-label=\"Read more about Registreret ejendomsm\u00e6gler i Valencia\" tabindex=\"-1\" >\n\t\t\tL\u00e6s mere\t\t<\/a>\n\n\t\t\t\t<\/div>\n\t\t\t\t<div class=\"elementor-post__meta-data\">\n\t\t\t\t\t<span class=\"elementor-post-date\">\n\t\t\t04\/02\/2025\t\t<\/span>\n\t\t\t\t<\/div>\n\t\t\t\t\t<\/div>\n\t\t<\/article>\n\t\t\t\t<article class=\"elementor-post elementor-grid-item post-1132 post type-post status-publish format-standard has-post-thumbnail hentry category-uncategorized-da\">\n\t\t\t<div class=\"elementor-post__card\">\n\t\t\t\t<a class=\"elementor-post__thumbnail__link\" href=\"https:\/\/homedeluxespain.com\/da\/2025\/02\/04\/boligmarkedet-paa-costa-blanca-og-costa-calida\/\" tabindex=\"-1\" ><div class=\"elementor-post__thumbnail\"><img decoding=\"async\" width=\"300\" height=\"169\" src=\"https:\/\/homedeluxespain.com\/wp-content\/uploads\/2020\/09\/c7d29f9d7ca419f5fc0b968ead8078161-300x169.jpg\" class=\"attachment-medium size-medium wp-image-573\" alt=\"\" srcset=\"https:\/\/homedeluxespain.com\/wp-content\/uploads\/2020\/09\/c7d29f9d7ca419f5fc0b968ead8078161-300x169.jpg 300w, https:\/\/homedeluxespain.com\/wp-content\/uploads\/2020\/09\/c7d29f9d7ca419f5fc0b968ead8078161-1024x576.jpg 1024w, https:\/\/homedeluxespain.com\/wp-content\/uploads\/2020\/09\/c7d29f9d7ca419f5fc0b968ead8078161-768x432.jpg 768w, https:\/\/homedeluxespain.com\/wp-content\/uploads\/2020\/09\/c7d29f9d7ca419f5fc0b968ead8078161.jpg 1400w\" sizes=\"(max-width: 300px) 100vw, 300px\" \/><\/div><\/a>\n\t\t\t\t<div class=\"elementor-post__text\">\n\t\t\t\t<h4 class=\"elementor-post__title\">\n\t\t\t<a href=\"https:\/\/homedeluxespain.com\/da\/2025\/02\/04\/boligmarkedet-paa-costa-blanca-og-costa-calida\/\" >\n\t\t\t\tBoligmarkedet p\u00e5 Costa Blanca og Costa C\u00e1lida\t\t\t<\/a>\n\t\t<\/h4>\n\t\t\t\t<div class=\"elementor-post__excerpt\">\n\t\t\t<p>Udviklingen p\u00e5 boligmarkedet p\u00e5 Costa Blanca og Costa C\u00e1lida Indledning:Boligmarkedet i Costa Blanca og Costa C\u00e1lida har oplevet markante forandringer de seneste \u00e5r, med stigende<\/p>\n\t\t<\/div>\n\t\t\n\t\t<a class=\"elementor-post__read-more\" href=\"https:\/\/homedeluxespain.com\/da\/2025\/02\/04\/boligmarkedet-paa-costa-blanca-og-costa-calida\/\" aria-label=\"Read more about Boligmarkedet p\u00e5 Costa Blanca og Costa C\u00e1lida\" tabindex=\"-1\" >\n\t\t\tL\u00e6s mere\t\t<\/a>\n\n\t\t\t\t<\/div>\n\t\t\t\t<div class=\"elementor-post__meta-data\">\n\t\t\t\t\t<span class=\"elementor-post-date\">\n\t\t\t04\/02\/2025\t\t<\/span>\n\t\t\t\t<\/div>\n\t\t\t\t\t<\/div>\n\t\t<\/article>\n\t\t\t\t<article class=\"elementor-post elementor-grid-item post-1134 post type-post status-publish format-standard has-post-thumbnail hentry category-uncategorized-da\">\n\t\t\t<div class=\"elementor-post__card\">\n\t\t\t\t<a class=\"elementor-post__thumbnail__link\" href=\"https:\/\/homedeluxespain.com\/da\/2025\/02\/04\/costa-blanca-og-costa-calida\/\" tabindex=\"-1\" ><div class=\"elementor-post__thumbnail\"><img decoding=\"async\" width=\"300\" height=\"200\" src=\"https:\/\/homedeluxespain.com\/wp-content\/uploads\/2021\/11\/Apartamento-Madron\u0303o-02-Las-Colinas.-300x200.jpg\" class=\"attachment-medium size-medium wp-image-565\" alt=\"\" srcset=\"https:\/\/homedeluxespain.com\/wp-content\/uploads\/2021\/11\/Apartamento-Madron\u0303o-02-Las-Colinas.-300x200.jpg 300w, https:\/\/homedeluxespain.com\/wp-content\/uploads\/2021\/11\/Apartamento-Madron\u0303o-02-Las-Colinas.-1024x682.jpg 1024w, https:\/\/homedeluxespain.com\/wp-content\/uploads\/2021\/11\/Apartamento-Madron\u0303o-02-Las-Colinas.-768x512.jpg 768w, https:\/\/homedeluxespain.com\/wp-content\/uploads\/2021\/11\/Apartamento-Madron\u0303o-02-Las-Colinas.-1536x1024.jpg 1536w, https:\/\/homedeluxespain.com\/wp-content\/uploads\/2021\/11\/Apartamento-Madron\u0303o-02-Las-Colinas..jpg 2000w\" sizes=\"(max-width: 300px) 100vw, 300px\" \/><\/div><\/a>\n\t\t\t\t<div class=\"elementor-post__text\">\n\t\t\t\t<h4 class=\"elementor-post__title\">\n\t\t\t<a href=\"https:\/\/homedeluxespain.com\/da\/2025\/02\/04\/costa-blanca-og-costa-calida\/\" >\n\t\t\t\tCosta Blanca og Costa C\u00e1lida\t\t\t<\/a>\n\t\t<\/h4>\n\t\t\t\t<div class=\"elementor-post__excerpt\">\n\t\t\t<p>Hvorfor v\u00e6lge Costa Blanca og Costa C\u00e1lida til dit boligk\u00f8b? Indledning:Spanien er et af de mest popul\u00e6re lande for boligk\u00f8bere fra hele verden, men hvorfor<\/p>\n\t\t<\/div>\n\t\t\n\t\t<a class=\"elementor-post__read-more\" href=\"https:\/\/homedeluxespain.com\/da\/2025\/02\/04\/costa-blanca-og-costa-calida\/\" aria-label=\"Read more about Costa Blanca og Costa C\u00e1lida\" tabindex=\"-1\" >\n\t\t\tL\u00e6s mere\t\t<\/a>\n\n\t\t\t\t<\/div>\n\t\t\t\t<div class=\"elementor-post__meta-data\">\n\t\t\t\t\t<span class=\"elementor-post-date\">\n\t\t\t04\/02\/2025\t\t<\/span>\n\t\t\t\t<\/div>\n\t\t\t\t\t<\/div>\n\t\t<\/article>\n\t\t\t\t<article class=\"elementor-post elementor-grid-item post-1136 post type-post status-publish format-standard has-post-thumbnail hentry category-uncategorized-da\">\n\t\t\t<div class=\"elementor-post__card\">\n\t\t\t\t<a class=\"elementor-post__thumbnail__link\" href=\"https:\/\/homedeluxespain.com\/da\/2025\/02\/04\/finansiering-af-boligkoeb-i-spanien\/\" tabindex=\"-1\" ><div class=\"elementor-post__thumbnail\"><img loading=\"lazy\" decoding=\"async\" width=\"300\" height=\"182\" src=\"https:\/\/homedeluxespain.com\/wp-content\/uploads\/2020\/09\/news-sample-300x182.jpg\" class=\"attachment-medium size-medium wp-image-551\" alt=\"\" srcset=\"https:\/\/homedeluxespain.com\/wp-content\/uploads\/2020\/09\/news-sample-300x182.jpg 300w, https:\/\/homedeluxespain.com\/wp-content\/uploads\/2020\/09\/news-sample-1024x621.jpg 1024w, https:\/\/homedeluxespain.com\/wp-content\/uploads\/2020\/09\/news-sample-768x466.jpg 768w, https:\/\/homedeluxespain.com\/wp-content\/uploads\/2020\/09\/news-sample.jpg 1140w\" sizes=\"(max-width: 300px) 100vw, 300px\" \/><\/div><\/a>\n\t\t\t\t<div class=\"elementor-post__text\">\n\t\t\t\t<h4 class=\"elementor-post__title\">\n\t\t\t<a href=\"https:\/\/homedeluxespain.com\/da\/2025\/02\/04\/finansiering-af-boligkoeb-i-spanien\/\" >\n\t\t\t\tFinansiering af boligk\u00f8b i Spanien\t\t\t<\/a>\n\t\t<\/h4>\n\t\t\t\t<div class=\"elementor-post__excerpt\">\n\t\t\t<p>En guide for udenlandske k\u00f8bere Indledning:Dr\u00f8mmen om at eje en bolig i Spanien bliver for mange en realitet, men finansiering kan v\u00e6re en afg\u00f8rende faktor.<\/p>\n\t\t<\/div>\n\t\t\n\t\t<a class=\"elementor-post__read-more\" href=\"https:\/\/homedeluxespain.com\/da\/2025\/02\/04\/finansiering-af-boligkoeb-i-spanien\/\" aria-label=\"Read more about Finansiering af boligk\u00f8b i Spanien\" tabindex=\"-1\" >\n\t\t\tL\u00e6s mere\t\t<\/a>\n\n\t\t\t\t<\/div>\n\t\t\t\t<div class=\"elementor-post__meta-data\">\n\t\t\t\t\t<span class=\"elementor-post-date\">\n\t\t\t04\/02\/2025\t\t<\/span>\n\t\t\t\t<\/div>\n\t\t\t\t\t<\/div>\n\t\t<\/article>\n\t\t\t\t<\/div>\n\t\t\n\t\t\t\t\t\t<\/div>\n\t\t\t\t<\/div>\n\t\t\t\t\t<\/div>\n\t\t<\/div>\n\t\t\t\t\t<\/div>\n\t\t<\/section>\n\t\t\t\t\t<\/div>\n\t\t<\/div>\n\t\t\t\t\t<\/div>\n\t\t<\/section>\n\t\t\t\t<\/div>\n\t\t","protected":false},"excerpt":{"rendered":"<p>Nyheder om fast ejendom Gennemse vores arkiv med ejendomsnyheder<\/p>\n","protected":false},"author":1,"featured_media":0,"parent":0,"menu_order":0,"comment_status":"closed","ping_status":"closed","template":"elementor_header_footer","meta":{"footnotes":""},"class_list":["post-616","page","type-page","status-publish","hentry"],"_links":{"self":[{"href":"https:\/\/homedeluxespain.com\/da\/wp-json\/wp\/v2\/pages\/616","targetHints":{"allow":["GET"]}}],"collection":[{"href":"https:\/\/homedeluxespain.com\/da\/wp-json\/wp\/v2\/pages"}],"about":[{"href":"https:\/\/homedeluxespain.com\/da\/wp-json\/wp\/v2\/types\/page"}],"author":[{"embeddable":true,"href":"https:\/\/homedeluxespain.com\/da\/wp-json\/wp\/v2\/users\/1"}],"replies":[{"embeddable":true,"href":"https:\/\/homedeluxespain.com\/da\/wp-json\/wp\/v2\/comments?post=616"}],"version-history":[{"count":2,"href":"https:\/\/homedeluxespain.com\/da\/wp-json\/wp\/v2\/pages\/616\/revisions"}],"predecessor-version":[{"id":619,"href":"https:\/\/homedeluxespain.com\/da\/wp-json\/wp\/v2\/pages\/616\/revisions\/619"}],"wp:attachment":[{"href":"https:\/\/homedeluxespain.com\/da\/wp-json\/wp\/v2\/media?parent=616"}],"curies":[{"name":"wp","href":"https:\/\/api.w.org\/{rel}","templated":true}]}}