{"id":614,"date":"2025-01-18T11:19:20","date_gmt":"2025-01-18T11:19:20","guid":{"rendered":"https:\/\/homedeluxespain.com\/serviceydelser\/"},"modified":"2025-02-03T00:00:55","modified_gmt":"2025-02-03T00:00:55","slug":"serviceydelser","status":"publish","type":"page","link":"https:\/\/homedeluxespain.com\/da\/serviceydelser\/","title":{"rendered":"Serviceydelser"},"content":{"rendered":"\t\t<div data-elementor-type=\"wp-page\" data-elementor-id=\"614\" class=\"elementor elementor-614 elementor-612\" data-elementor-settings=\"{&quot;element_pack_global_tooltip_width&quot;:{&quot;unit&quot;:&quot;px&quot;,&quot;size&quot;:&quot;&quot;,&quot;sizes&quot;:[]},&quot;element_pack_global_tooltip_width_tablet&quot;:{&quot;unit&quot;:&quot;px&quot;,&quot;size&quot;:&quot;&quot;,&quot;sizes&quot;:[]},&quot;element_pack_global_tooltip_width_mobile&quot;:{&quot;unit&quot;:&quot;px&quot;,&quot;size&quot;:&quot;&quot;,&quot;sizes&quot;:[]},&quot;element_pack_global_tooltip_padding&quot;:{&quot;unit&quot;:&quot;px&quot;,&quot;top&quot;:&quot;&quot;,&quot;right&quot;:&quot;&quot;,&quot;bottom&quot;:&quot;&quot;,&quot;left&quot;:&quot;&quot;,&quot;isLinked&quot;:true},&quot;element_pack_global_tooltip_padding_tablet&quot;:{&quot;unit&quot;:&quot;px&quot;,&quot;top&quot;:&quot;&quot;,&quot;right&quot;:&quot;&quot;,&quot;bottom&quot;:&quot;&quot;,&quot;left&quot;:&quot;&quot;,&quot;isLinked&quot;:true},&quot;element_pack_global_tooltip_padding_mobile&quot;:{&quot;unit&quot;:&quot;px&quot;,&quot;top&quot;:&quot;&quot;,&quot;right&quot;:&quot;&quot;,&quot;bottom&quot;:&quot;&quot;,&quot;left&quot;:&quot;&quot;,&quot;isLinked&quot;:true},&quot;element_pack_global_tooltip_border_radius&quot;:{&quot;unit&quot;:&quot;px&quot;,&quot;top&quot;:&quot;&quot;,&quot;right&quot;:&quot;&quot;,&quot;bottom&quot;:&quot;&quot;,&quot;left&quot;:&quot;&quot;,&quot;isLinked&quot;:true},&quot;element_pack_global_tooltip_border_radius_tablet&quot;:{&quot;unit&quot;:&quot;px&quot;,&quot;top&quot;:&quot;&quot;,&quot;right&quot;:&quot;&quot;,&quot;bottom&quot;:&quot;&quot;,&quot;left&quot;:&quot;&quot;,&quot;isLinked&quot;:true},&quot;element_pack_global_tooltip_border_radius_mobile&quot;:{&quot;unit&quot;:&quot;px&quot;,&quot;top&quot;:&quot;&quot;,&quot;right&quot;:&quot;&quot;,&quot;bottom&quot;:&quot;&quot;,&quot;left&quot;:&quot;&quot;,&quot;isLinked&quot;:true}}\" data-elementor-post-type=\"page\">\n\t\t\t\t\t\t<section class=\"elementor-section elementor-top-section elementor-element elementor-element-5a48fcae elementor-section-height-min-height elementor-section-boxed elementor-section-height-default elementor-section-items-middle\" data-id=\"5a48fcae\" data-element_type=\"section\" data-settings=\"{&quot;background_background&quot;:&quot;classic&quot;}\">\n\t\t\t\t\t\t\t<div class=\"elementor-background-overlay\"><\/div>\n\t\t\t\t\t\t\t<div class=\"elementor-container elementor-column-gap-default\">\n\t\t\t\t\t<div class=\"elementor-column elementor-col-100 elementor-top-column elementor-element elementor-element-76b63d70\" data-id=\"76b63d70\" data-element_type=\"column\">\n\t\t\t<div class=\"elementor-widget-wrap\">\n\t\t\t\t\t\t\t<\/div>\n\t\t<\/div>\n\t\t\t\t\t<\/div>\n\t\t<\/section>\n\t\t\t\t<section class=\"elementor-section elementor-top-section elementor-element elementor-element-28a22ef9 elementor-section-boxed elementor-section-height-default elementor-section-height-default\" data-id=\"28a22ef9\" data-element_type=\"section\" data-settings=\"{&quot;background_background&quot;:&quot;classic&quot;}\">\n\t\t\t\t\t\t<div class=\"elementor-container elementor-column-gap-no\">\n\t\t\t\t\t<div class=\"elementor-column elementor-col-100 elementor-top-column elementor-element elementor-element-729ad3b\" data-id=\"729ad3b\" data-element_type=\"column\">\n\t\t\t<div class=\"elementor-widget-wrap elementor-element-populated\">\n\t\t\t\t\t\t<section class=\"elementor-section elementor-inner-section elementor-element elementor-element-6f57d258 elementor-section-boxed elementor-section-height-default elementor-section-height-default\" data-id=\"6f57d258\" data-element_type=\"section\">\n\t\t\t\t\t\t<div class=\"elementor-container elementor-column-gap-no\">\n\t\t\t\t\t<div class=\"elementor-column elementor-col-100 elementor-inner-column elementor-element elementor-element-a5a76fb\" data-id=\"a5a76fb\" data-element_type=\"column\">\n\t\t\t<div class=\"elementor-widget-wrap elementor-element-populated\">\n\t\t\t\t\t\t<div class=\"elementor-element elementor-element-3c215f0e elementor-widget__width-initial elementor-widget elementor-widget-heading\" data-id=\"3c215f0e\" data-element_type=\"widget\" data-widget_type=\"heading.default\">\n\t\t\t\t<div class=\"elementor-widget-container\">\n\t\t\t\t\t<h1 class=\"elementor-heading-title elementor-size-default\">Serviceydelser<\/h1>\t\t\t\t<\/div>\n\t\t\t\t<\/div>\n\t\t\t\t<div class=\"elementor-element elementor-element-2f8ac8c1 elementor-widget__width-initial elementor-widget elementor-widget-heading\" data-id=\"2f8ac8c1\" data-element_type=\"widget\" data-widget_type=\"heading.default\">\n\t\t\t\t<div class=\"elementor-widget-container\">\n\t\t\t\t\t<span class=\"elementor-heading-title elementor-size-default\">Skr\u00e6ddersyede l\u00f8sninger til dit boligk\u00f8b i Spanien<\/span>\t\t\t\t<\/div>\n\t\t\t\t<\/div>\n\t\t\t\t<div class=\"elementor-element elementor-element-c5a6a08 elementor-widget__width-initial elementor-widget elementor-widget-text-editor\" data-id=\"c5a6a08\" data-element_type=\"widget\" data-widget_type=\"text-editor.default\">\n\t\t\t\t<div class=\"elementor-widget-container\">\n\t\t\t\t\t\t\t\t\t<p>Hos <strong>Home Deluxe Spain<\/strong> tilbyder vi en omfattende r\u00e6kke af tjenester, der g\u00f8r processen med at k\u00f8be eller s\u00e6lge bolig i <strong>Spanien<\/strong> s\u00e5 enkel og problemfri som muligt. Vores mange \u00e5rs erfaring i omr\u00e5det betyder, at vi kan tilbyde dig r\u00e5dgivning og service p\u00e5 h\u00f8jeste niveau. <\/p>\n\t\t\t\t\t\t\t\t<\/div>\n\t\t\t\t<\/div>\n\t\t\t\t<div class=\"elementor-element elementor-element-13e0687 elementor-widget elementor-widget-heading\" data-id=\"13e0687\" data-element_type=\"widget\" data-widget_type=\"heading.default\">\n\t\t\t\t<div class=\"elementor-widget-container\">\n\t\t\t\t\t<h1 class=\"elementor-heading-title elementor-size-default\"> Vores tjenester inkluderer:<\/h1>\t\t\t\t<\/div>\n\t\t\t\t<\/div>\n\t\t\t\t<div class=\"elementor-element elementor-element-73623c42 elementor-widget__width-initial elementor-widget elementor-widget-text-editor\" data-id=\"73623c42\" data-element_type=\"widget\" data-widget_type=\"text-editor.default\">\n\t\t\t\t<div class=\"elementor-widget-container\">\n\t\t\t\t\t\t\t\t\t<p><strong>Boligk\u00f8b fra start til slut<\/strong><br \/>Vi hj\u00e6lper dig hele vejen \u2013 fra den f\u00f8rste id\u00e9 om at k\u00f8be bolig i <strong>Spanien<\/strong>, til du st\u00e5r med n\u00f8glerne i h\u00e5nden. Dette inkluderer:<br \/>Hj\u00e6lp til at finde den rette bolig, der passer til dine behov og budget.<br \/>Vejledning omkring lovgivning, skatter og finansiering i <strong>Spanien<\/strong>.<br \/>Samarbejde med lokale advokater for at sikre en juridisk tryg handel. <\/p>\n<p><strong>Gensalgs boliger og nybyggeri<br \/><\/strong>Vi tilbyder adgang til b\u00e5de gensalgsboliger med sj\u00e6l og historie samt moderne nybyggerier med det nyeste inden for design og teknologi.<br \/>R\u00e5dgivning om fordele og ulemper ved begge boligtyper, s\u00e5 du kan tr\u00e6ffe det bedste valg.<\/p>\n<p><strong>R\u00e5dgivning om finansiering<\/strong><br \/>Vi samarbejder med p\u00e5lidelige banker og finansielle r\u00e5dgivere, der kan hj\u00e6lpe dig med at finde den bedste finansieringsl\u00f8sning til dit boligk\u00f8b i Spanien.<\/p>\n<p><strong>Efter-salg service<\/strong><br \/>N\u00e5r du har k\u00f8bt dit nye hjem, er vi stadig her for at hj\u00e6lpe dig. Vores efter-salg service inkluderer:<br \/>Hj\u00e6lp med at etablere forsyninger som el, vand og internet.<br \/>R\u00e5dgivning om vedligeholdelse, renoveringer og indretning. <\/p>\n<p><strong>Salg af din bolig<\/strong><br \/>Skal du s\u00e6lge din bolig i Spanien? Vi tilbyder en effektiv og gennemsigtig salgsproces, hvor vi sikrer, at din ejendom bliver markedsf\u00f8rt professionelt til de rette k\u00f8bere. <\/p>\n<p><strong>Din tryghed er vores prioritet<\/strong><br \/>Vi ved, at det kan v\u00e6re overv\u00e6ldende at k\u00f8be eller s\u00e6lge bolig i et andet land. Derfor g\u00f8r vi alt for at g\u00f8re processen enkel og overskuelig. Vores m\u00e5l er, at du f\u00f8ler dig tryg og velinformeret hele vejen igennem.  <br \/><a href=\"https:\/\/homedeluxespain.com\/da\/kontakt-os\/\">Kontakt os <\/a>for en uforpligtende samtale om, hvordan vi kan hj\u00e6lpe dig med dit boligprojekt i <strong>Spanien.<\/strong><\/p>\n\t\t\t\t\t\t\t\t<\/div>\n\t\t\t\t<\/div>\n\t\t\t\t\t<\/div>\n\t\t<\/div>\n\t\t\t\t\t<\/div>\n\t\t<\/section>\n\t\t\t\t\t<\/div>\n\t\t<\/div>\n\t\t\t\t\t<\/div>\n\t\t<\/section>\n\t\t\t\t<\/div>\n\t\t","protected":false},"excerpt":{"rendered":"<p>Serviceydelser Skr\u00e6ddersyede l\u00f8sninger til dit boligk\u00f8b i Spanien Hos Home Deluxe Spain tilbyder vi en omfattende r\u00e6kke af tjenester, der g\u00f8r processen med at k\u00f8be eller s\u00e6lge bolig i Spanien s\u00e5 enkel og problemfri som muligt. Vores mange \u00e5rs erfaring i omr\u00e5det betyder, at vi kan tilbyde dig r\u00e5dgivning og service p\u00e5 h\u00f8jeste niveau. Vores [&hellip;]<\/p>\n","protected":false},"author":1,"featured_media":0,"parent":0,"menu_order":0,"comment_status":"closed","ping_status":"closed","template":"elementor_header_footer","meta":{"footnotes":""},"class_list":["post-614","page","type-page","status-publish","hentry"],"_links":{"self":[{"href":"https:\/\/homedeluxespain.com\/da\/wp-json\/wp\/v2\/pages\/614","targetHints":{"allow":["GET"]}}],"collection":[{"href":"https:\/\/homedeluxespain.com\/da\/wp-json\/wp\/v2\/pages"}],"about":[{"href":"https:\/\/homedeluxespain.com\/da\/wp-json\/wp\/v2\/types\/page"}],"author":[{"embeddable":true,"href":"https:\/\/homedeluxespain.com\/da\/wp-json\/wp\/v2\/users\/1"}],"replies":[{"embeddable":true,"href":"https:\/\/homedeluxespain.com\/da\/wp-json\/wp\/v2\/comments?post=614"}],"version-history":[{"count":2,"href":"https:\/\/homedeluxespain.com\/da\/wp-json\/wp\/v2\/pages\/614\/revisions"}],"predecessor-version":[{"id":1100,"href":"https:\/\/homedeluxespain.com\/da\/wp-json\/wp\/v2\/pages\/614\/revisions\/1100"}],"wp:attachment":[{"href":"https:\/\/homedeluxespain.com\/da\/wp-json\/wp\/v2\/media?parent=614"}],"curies":[{"name":"wp","href":"https:\/\/api.w.org\/{rel}","templated":true}]}}