{"id":610,"date":"2025-01-18T11:17:01","date_gmt":"2025-01-18T11:17:01","guid":{"rendered":"https:\/\/homedeluxespain.com\/om-os\/"},"modified":"2025-02-02T12:44:34","modified_gmt":"2025-02-02T12:44:34","slug":"om-os","status":"publish","type":"page","link":"https:\/\/homedeluxespain.com\/da\/om-os\/","title":{"rendered":"Om os"},"content":{"rendered":"\t\t<div data-elementor-type=\"wp-page\" data-elementor-id=\"610\" class=\"elementor elementor-610 elementor-39\" data-elementor-settings=\"{&quot;element_pack_global_tooltip_width&quot;:{&quot;unit&quot;:&quot;px&quot;,&quot;size&quot;:&quot;&quot;,&quot;sizes&quot;:[]},&quot;element_pack_global_tooltip_width_tablet&quot;:{&quot;unit&quot;:&quot;px&quot;,&quot;size&quot;:&quot;&quot;,&quot;sizes&quot;:[]},&quot;element_pack_global_tooltip_width_mobile&quot;:{&quot;unit&quot;:&quot;px&quot;,&quot;size&quot;:&quot;&quot;,&quot;sizes&quot;:[]},&quot;element_pack_global_tooltip_padding&quot;:{&quot;unit&quot;:&quot;px&quot;,&quot;top&quot;:&quot;&quot;,&quot;right&quot;:&quot;&quot;,&quot;bottom&quot;:&quot;&quot;,&quot;left&quot;:&quot;&quot;,&quot;isLinked&quot;:true},&quot;element_pack_global_tooltip_padding_tablet&quot;:{&quot;unit&quot;:&quot;px&quot;,&quot;top&quot;:&quot;&quot;,&quot;right&quot;:&quot;&quot;,&quot;bottom&quot;:&quot;&quot;,&quot;left&quot;:&quot;&quot;,&quot;isLinked&quot;:true},&quot;element_pack_global_tooltip_padding_mobile&quot;:{&quot;unit&quot;:&quot;px&quot;,&quot;top&quot;:&quot;&quot;,&quot;right&quot;:&quot;&quot;,&quot;bottom&quot;:&quot;&quot;,&quot;left&quot;:&quot;&quot;,&quot;isLinked&quot;:true},&quot;element_pack_global_tooltip_border_radius&quot;:{&quot;unit&quot;:&quot;px&quot;,&quot;top&quot;:&quot;&quot;,&quot;right&quot;:&quot;&quot;,&quot;bottom&quot;:&quot;&quot;,&quot;left&quot;:&quot;&quot;,&quot;isLinked&quot;:true},&quot;element_pack_global_tooltip_border_radius_tablet&quot;:{&quot;unit&quot;:&quot;px&quot;,&quot;top&quot;:&quot;&quot;,&quot;right&quot;:&quot;&quot;,&quot;bottom&quot;:&quot;&quot;,&quot;left&quot;:&quot;&quot;,&quot;isLinked&quot;:true},&quot;element_pack_global_tooltip_border_radius_mobile&quot;:{&quot;unit&quot;:&quot;px&quot;,&quot;top&quot;:&quot;&quot;,&quot;right&quot;:&quot;&quot;,&quot;bottom&quot;:&quot;&quot;,&quot;left&quot;:&quot;&quot;,&quot;isLinked&quot;:true}}\" data-elementor-post-type=\"page\">\n\t\t\t\t\t\t<section class=\"elementor-section elementor-top-section elementor-element elementor-element-5613fdc elementor-section-height-min-height elementor-section-boxed elementor-section-height-default elementor-section-items-middle\" data-id=\"5613fdc\" data-element_type=\"section\" data-settings=\"{&quot;background_background&quot;:&quot;classic&quot;}\">\n\t\t\t\t\t\t\t<div class=\"elementor-background-overlay\"><\/div>\n\t\t\t\t\t\t\t<div class=\"elementor-container elementor-column-gap-default\">\n\t\t\t\t\t<div class=\"elementor-column elementor-col-100 elementor-top-column elementor-element elementor-element-f8c5b23\" data-id=\"f8c5b23\" data-element_type=\"column\">\n\t\t\t<div class=\"elementor-widget-wrap\">\n\t\t\t\t\t\t\t<\/div>\n\t\t<\/div>\n\t\t\t\t\t<\/div>\n\t\t<\/section>\n\t\t\t\t<section class=\"elementor-section elementor-top-section elementor-element elementor-element-fd5c0b7 elementor-section-boxed elementor-section-height-default elementor-section-height-default\" data-id=\"fd5c0b7\" data-element_type=\"section\" data-settings=\"{&quot;background_background&quot;:&quot;classic&quot;}\">\n\t\t\t\t\t\t<div class=\"elementor-container elementor-column-gap-no\">\n\t\t\t\t\t<div class=\"elementor-column elementor-col-100 elementor-top-column elementor-element elementor-element-f75d409\" data-id=\"f75d409\" data-element_type=\"column\">\n\t\t\t<div class=\"elementor-widget-wrap elementor-element-populated\">\n\t\t\t\t\t\t<section class=\"elementor-section elementor-inner-section elementor-element elementor-element-2ecdf14 elementor-section-boxed elementor-section-height-default elementor-section-height-default\" data-id=\"2ecdf14\" data-element_type=\"section\">\n\t\t\t\t\t\t<div class=\"elementor-container elementor-column-gap-no\">\n\t\t\t\t\t<div class=\"elementor-column elementor-col-100 elementor-inner-column elementor-element elementor-element-45a8e72\" data-id=\"45a8e72\" data-element_type=\"column\">\n\t\t\t<div class=\"elementor-widget-wrap elementor-element-populated\">\n\t\t\t\t\t\t<div class=\"elementor-element elementor-element-bf8b35e elementor-widget elementor-widget-heading\" data-id=\"bf8b35e\" data-element_type=\"widget\" data-widget_type=\"heading.default\">\n\t\t\t\t<div class=\"elementor-widget-container\">\n\t\t\t\t\t<h1 class=\"elementor-heading-title elementor-size-default\">Om os<\/h1>\t\t\t\t<\/div>\n\t\t\t\t<\/div>\n\t\t\t\t<div class=\"elementor-element elementor-element-e9f8151 elementor-widget elementor-widget-heading\" data-id=\"e9f8151\" data-element_type=\"widget\" data-widget_type=\"heading.default\">\n\t\t\t\t<div class=\"elementor-widget-container\">\n\t\t\t\t\t<span class=\"elementor-heading-title elementor-size-default\">Din professionelle ejendomsm\u00e6gler<\/span>\t\t\t\t<\/div>\n\t\t\t\t<\/div>\n\t\t\t\t<div class=\"elementor-element elementor-element-9a1ff1e elementor-widget elementor-widget-text-editor\" data-id=\"9a1ff1e\" data-element_type=\"widget\" data-widget_type=\"text-editor.default\">\n\t\t\t\t<div class=\"elementor-widget-container\">\n\t\t\t\t\t\t\t\t\t<p>Velkommen til <strong>Home Deluxe Spain<\/strong> &#8211; din danske forbindelse til luksusboliger og en eksklusiv livsstil i Spanien.<br \/>Vi er et passioneret og erfarent firma, der hj\u00e6lper danskere og andre internationale kunder med at realisere deres dr\u00f8mme om at k\u00f8be og s\u00e6lge boliger i nogle af Spaniens mest eftertragtede omr\u00e5der. Vores m\u00e5l er at g\u00f8re din oplevelse s\u00e5 sikker og problemfri som muligt, uanset om du er p\u00e5 udkig efter en ferielejlighed, et permanent hjem eller en investeringsejendom.<\/p>\n<p><strong>Hvorfor v\u00e6lge os?<\/strong><\/p>\n<p>Med mange \u00e5rs erfaring p\u00e5 det spanske boligmarked forst\u00e5r vi de unikke behov, der opst\u00e5r, n\u00e5r man flytter til et nyt land. Vi tilbyder ikke bare ejendomme, men en komplet l\u00f8sning, der omfatter juridisk, \u00f8konomisk og praktisk r\u00e5dgivning &#8211; altid med fokus p\u00e5 kvalitet og kundetilfredshed.<\/p>\n<p><strong>Certificeret og trov\u00e6rdig r\u00e5dgivning<\/strong><\/p>\n<p>Vi ved, at tillid og gennemsigtighed er afg\u00f8rende, n\u00e5r man handler med ejendomme i udlandet. Derfor er vi stolte af at v\u00e6re certificeret og akkrediteret af anerkendte organisationer inden for ejendomshandel i Spanien. Vores certificeringer sikrer, at vi lever op til de h\u00f8jeste standarder for kvalitet, etik og professionalisme. N\u00e5r du v\u00e6lger Home Deluxe Spain, kan du v\u00e6re sikker p\u00e5, at vi arbejder for dine interesser p\u00e5 en sikker og gennemsigtig m\u00e5de.<\/p>\n<p><strong>Vores mission<\/strong><\/p>\n<p>Vi str\u00e6ber efter at skabe v\u00e6rdi og gl\u00e6de for vores kunder gennem personlig service og skr\u00e6ddersyede l\u00f8sninger. Hos Home Deluxe Spain handler det ikke kun om hjem, men ogs\u00e5 om at bygge bro mellem kulturer og skabe nye begyndelser.<\/p>\n<p><strong>Et netv\u00e6rk, du kan stole p\u00e5<\/strong><\/p>\n<p>Vi samarbejder med erfarne advokater, arkitekter og lokale eksperter for at sikre, at din rejse til et nyt hjem i Spanien forl\u00f8ber gnidningsl\u00f8st og uden bekymringer. Fra den f\u00f8rste samtale til overdragelsen af n\u00f8glerne &#8211; vi er med dig hele vejen.<br \/><a href=\"https:\/\/homedeluxespain.com\/da\/kontakt-os\/\">Kontakt os<\/a> i dag for at h\u00f8re mere om, hvordan vi kan hj\u00e6lpe dig med at finde din dr\u00f8mmebolig i Spanien.<\/p>\n\t\t\t\t\t\t\t\t<\/div>\n\t\t\t\t<\/div>\n\t\t\t\t\t<\/div>\n\t\t<\/div>\n\t\t\t\t\t<\/div>\n\t\t<\/section>\n\t\t\t\t\t<\/div>\n\t\t<\/div>\n\t\t\t\t\t<\/div>\n\t\t<\/section>\n\t\t\t\t<\/div>\n\t\t","protected":false},"excerpt":{"rendered":"<p>Om os Din professionelle ejendomsm\u00e6gler Velkommen til Home Deluxe Spain &#8211; din danske forbindelse til luksusboliger og en eksklusiv livsstil i Spanien.Vi er et passioneret og erfarent firma, der hj\u00e6lper danskere og andre internationale kunder med at realisere deres dr\u00f8mme om at k\u00f8be og s\u00e6lge boliger i nogle af Spaniens mest eftertragtede omr\u00e5der. Vores m\u00e5l [&hellip;]<\/p>\n","protected":false},"author":1,"featured_media":0,"parent":0,"menu_order":0,"comment_status":"closed","ping_status":"closed","template":"elementor_header_footer","meta":{"footnotes":""},"class_list":["post-610","page","type-page","status-publish","hentry"],"_links":{"self":[{"href":"https:\/\/homedeluxespain.com\/da\/wp-json\/wp\/v2\/pages\/610","targetHints":{"allow":["GET"]}}],"collection":[{"href":"https:\/\/homedeluxespain.com\/da\/wp-json\/wp\/v2\/pages"}],"about":[{"href":"https:\/\/homedeluxespain.com\/da\/wp-json\/wp\/v2\/types\/page"}],"author":[{"embeddable":true,"href":"https:\/\/homedeluxespain.com\/da\/wp-json\/wp\/v2\/users\/1"}],"replies":[{"embeddable":true,"href":"https:\/\/homedeluxespain.com\/da\/wp-json\/wp\/v2\/comments?post=610"}],"version-history":[{"count":7,"href":"https:\/\/homedeluxespain.com\/da\/wp-json\/wp\/v2\/pages\/610\/revisions"}],"predecessor-version":[{"id":1042,"href":"https:\/\/homedeluxespain.com\/da\/wp-json\/wp\/v2\/pages\/610\/revisions\/1042"}],"wp:attachment":[{"href":"https:\/\/homedeluxespain.com\/da\/wp-json\/wp\/v2\/media?parent=610"}],"curies":[{"name":"wp","href":"https:\/\/api.w.org\/{rel}","templated":true}]}}